{"id":12,"date":"2021-01-20T12:18:42","date_gmt":"2021-01-20T12:18:42","guid":{"rendered":"http:\/\/new.mahose.com\/?page_id=12"},"modified":"2022-06-29T13:07:20","modified_gmt":"2022-06-29T13:07:20","slug":"pagina-principal","status":"publish","type":"page","link":"https:\/\/biolamcolombia.com\/biolamcolombia\/","title":{"rendered":"Inicio"},"content":{"rendered":"\t\t<div data-elementor-type=\"wp-page\" data-elementor-id=\"12\" class=\"elementor elementor-12\">\n\t\t\t\t\t\t<div class=\"elementor-inner\">\n\t\t\t\t<div class=\"elementor-section-wrap\">\n\t\t\t\t\t\t\t\t\t<section class=\"elementor-section elementor-top-section elementor-element elementor-element-76db7dc7 elementor-section-content-middle elementor-section-full_width elementor-section-height-min-height elementor-section-height-default elementor-section-items-middle\" data-id=\"76db7dc7\" data-element_type=\"section\" data-settings=\"{&quot;background_background&quot;:&quot;slideshow&quot;,&quot;background_slideshow_gallery&quot;:[{&quot;id&quot;:568,&quot;url&quot;:&quot;https:\\\/\\\/biolam.grafiweb.es\\\/biolamcolombia\\\/wp-content\\\/uploads\\\/2022\\\/06\\\/agua.jpg&quot;},{&quot;id&quot;:572,&quot;url&quot;:&quot;https:\\\/\\\/biolam.grafiweb.es\\\/biolamcolombia\\\/wp-content\\\/uploads\\\/2022\\\/06\\\/anexo-12.jpg&quot;},{&quot;id&quot;:573,&quot;url&quot;:&quot;https:\\\/\\\/biolam.grafiweb.es\\\/biolamcolombia\\\/wp-content\\\/uploads\\\/2022\\\/06\\\/dia-mundial-agua-2022.jpg&quot;},{&quot;id&quot;:575,&quot;url&quot;:&quot;https:\\\/\\\/biolam.grafiweb.es\\\/biolamcolombia\\\/wp-content\\\/uploads\\\/2022\\\/06\\\/anexo-5.jpg&quot;}],&quot;background_slideshow_ken_burns&quot;:&quot;yes&quot;,&quot;shape_divider_bottom&quot;:&quot;mountains&quot;,&quot;background_slideshow_loop&quot;:&quot;yes&quot;,&quot;background_slideshow_slide_duration&quot;:5000,&quot;background_slideshow_slide_transition&quot;:&quot;fade&quot;,&quot;background_slideshow_transition_duration&quot;:500,&quot;background_slideshow_ken_burns_zoom_direction&quot;:&quot;in&quot;,&quot;_ha_eqh_enable&quot;:false}\">\n\t\t\t\t\t\t\t<div class=\"elementor-background-overlay\"><\/div>\n\t\t\t\t\t\t<div class=\"elementor-shape elementor-shape-bottom\" data-negative=\"false\">\n\t\t\t<svg xmlns=\"http:\/\/www.w3.org\/2000\/svg\" viewBox=\"0 0 1000 100\" preserveAspectRatio=\"none\">\n\t<path class=\"elementor-shape-fill\" opacity=\"0.33\" d=\"M473,67.3c-203.9,88.3-263.1-34-320.3,0C66,119.1,0,59.7,0,59.7V0h1000v59.7 c0,0-62.1,26.1-94.9,29.3c-32.8,3.3-62.8-12.3-75.8-22.1C806,49.6,745.3,8.7,694.9,4.7S492.4,59,473,67.3z\"\/>\n\t<path class=\"elementor-shape-fill\" opacity=\"0.66\" d=\"M734,67.3c-45.5,0-77.2-23.2-129.1-39.1c-28.6-8.7-150.3-10.1-254,39.1 s-91.7-34.4-149.2,0C115.7,118.3,0,39.8,0,39.8V0h1000v36.5c0,0-28.2-18.5-92.1-18.5C810.2,18.1,775.7,67.3,734,67.3z\"\/>\n\t<path class=\"elementor-shape-fill\" d=\"M766.1,28.9c-200-57.5-266,65.5-395.1,19.5C242,1.8,242,5.4,184.8,20.6C128,35.8,132.3,44.9,89.9,52.5C28.6,63.7,0,0,0,0 h1000c0,0-9.9,40.9-83.6,48.1S829.6,47,766.1,28.9z\"\/>\n<\/svg>\t\t<\/div>\n\t\t\t\t\t<div class=\"elementor-container elementor-column-gap-default\">\n\t\t\t\t\t\t\t<div class=\"elementor-row\">\n\t\t\t\t\t<div class=\"elementor-column elementor-col-100 elementor-top-column elementor-element elementor-element-452f0855\" data-id=\"452f0855\" data-element_type=\"column\">\n\t\t\t<div class=\"elementor-column-wrap elementor-element-populated\">\n\t\t\t\t\t\t\t<div class=\"elementor-widget-wrap\">\n\t\t\t\t\t\t<div class=\"elementor-element elementor-element-7ff22a64 elementor-widget elementor-widget-text-editor\" data-id=\"7ff22a64\" data-element_type=\"widget\" data-widget_type=\"text-editor.default\">\n\t\t\t\t<div class=\"elementor-widget-container\">\n\t\t\t\t\t\t\t\t<div class=\"elementor-text-editor elementor-clearfix\">\n\t\t\t\t\t\t\t\t\t<\/div>\n\t\t\t\t\t\t<\/div>\n\t\t\t\t<\/div>\n\t\t\t\t\t\t<\/div>\n\t\t\t\t\t<\/div>\n\t\t<\/div>\n\t\t\t\t\t\t\t\t<\/div>\n\t\t\t\t\t<\/div>\n\t\t<\/section>\n\t\t\t\t<section class=\"elementor-section elementor-top-section elementor-element elementor-element-1a4c853 elementor-section-boxed elementor-section-height-default elementor-section-height-default\" data-id=\"1a4c853\" data-element_type=\"section\" data-settings=\"{&quot;_ha_eqh_enable&quot;:false}\">\n\t\t\t\t\t\t<div class=\"elementor-container elementor-column-gap-default\">\n\t\t\t\t\t\t\t<div class=\"elementor-row\">\n\t\t\t\t\t<div class=\"elementor-column elementor-col-100 elementor-top-column elementor-element elementor-element-137d5d0\" data-id=\"137d5d0\" data-element_type=\"column\">\n\t\t\t<div class=\"elementor-column-wrap elementor-element-populated\">\n\t\t\t\t\t\t\t<div class=\"elementor-widget-wrap\">\n\t\t\t\t\t\t<div class=\"elementor-element elementor-element-c291619 elementor-widget elementor-widget-spacer\" data-id=\"c291619\" data-element_type=\"widget\" data-widget_type=\"spacer.default\">\n\t\t\t\t<div class=\"elementor-widget-container\">\n\t\t\t\t\t<div class=\"elementor-spacer\">\n\t\t\t<div class=\"elementor-spacer-inner\"><\/div>\n\t\t<\/div>\n\t\t\t\t<\/div>\n\t\t\t\t<\/div>\n\t\t\t\t\t\t<\/div>\n\t\t\t\t\t<\/div>\n\t\t<\/div>\n\t\t\t\t\t\t\t\t<\/div>\n\t\t\t\t\t<\/div>\n\t\t<\/section>\n\t\t\t\t<section class=\"elementor-section elementor-top-section elementor-element elementor-element-bc51544 elementor-section-boxed elementor-section-height-default elementor-section-height-default\" data-id=\"bc51544\" data-element_type=\"section\" data-settings=\"{&quot;_ha_eqh_enable&quot;:false}\">\n\t\t\t\t\t\t<div class=\"elementor-container elementor-column-gap-default\">\n\t\t\t\t\t\t\t<div class=\"elementor-row\">\n\t\t\t\t\t<div class=\"elementor-column elementor-col-100 elementor-top-column elementor-element elementor-element-b93ddd2\" data-id=\"b93ddd2\" data-element_type=\"column\">\n\t\t\t<div class=\"elementor-column-wrap elementor-element-populated\">\n\t\t\t\t\t\t\t<div class=\"elementor-widget-wrap\">\n\t\t\t\t\t\t<div class=\"elementor-element elementor-element-326201c elementor-widget elementor-widget-heading\" data-id=\"326201c\" data-element_type=\"widget\" data-widget_type=\"heading.default\">\n\t\t\t\t<div class=\"elementor-widget-container\">\n\t\t\t<h2 class=\"elementor-heading-title elementor-size-default\">PRESENTACI\u00d3N<\/h2>\t\t<\/div>\n\t\t\t\t<\/div>\n\t\t\t\t<div class=\"elementor-element elementor-element-24a7561 elementor-widget elementor-widget-text-editor\" data-id=\"24a7561\" data-element_type=\"widget\" data-widget_type=\"text-editor.default\">\n\t\t\t\t<div class=\"elementor-widget-container\">\n\t\t\t\t\t\t\t\t<div class=\"elementor-text-editor elementor-clearfix\">\n\t\t\t\t<p class=\"p1\"><strong><span class=\"txt1_neg_azul\" style=\"color: #486faf;\">BIOLAM COLOMBIA S.A.S.<\/span><\/strong><span class=\"txt2\">\u00a0es una empresa especializada en el dise\u00f1o, proyecto y construcci\u00f3n de plantas de tratamiento de aguas residuales domesticas e industriales , separaci\u00f3n de hidrocarburos , sedimentaci\u00f3n primaria y secundaria Somos productores y comercializadores de equipos para el tratamiento de aguas residuales y tratamiento de aire como soporte pl\u00e1stico para biomasa adherida en granel y estructurados, carrier para biomasa, relleno estructurado para torres de enfriamiento, separadores de gotas, m\u00f3dulos de sedimentaci\u00f3n, separadores de hidrocarburos, sedimentadores primario y secundarios, equipos para pre-tratamiento, equipos para tratamientos de lodos y equipos de desinfecci\u00f3n y esterilizaci\u00f3n.<\/span><\/p>\t\t\t\t\t<\/div>\n\t\t\t\t\t\t<\/div>\n\t\t\t\t<\/div>\n\t\t\t\t<div class=\"elementor-element elementor-element-b77643d elementor-widget elementor-widget-image-gallery\" data-id=\"b77643d\" data-element_type=\"widget\" data-widget_type=\"image-gallery.default\">\n\t\t\t\t<div class=\"elementor-widget-container\">\n\t\t\t\t\t<div class=\"elementor-image-gallery\">\n\t\t\t<div id='gallery-1' class='gallery galleryid-12 gallery-columns-6 gallery-size-full'><figure class='gallery-item'>\n\t\t\t<div class='gallery-icon portrait'>\n\t\t\t\t<a data-elementor-open-lightbox=\"yes\" data-elementor-lightbox-slideshow=\"b77643d\" data-elementor-lightbox-title=\"inicio-01\" e-action-hash=\"#elementor-action%3Aaction%3Dlightbox%26settings%3DeyJpZCI6NTgwLCJ1cmwiOiJodHRwczpcL1wvYmlvbGFtY29sb21iaWEuY29tXC9iaW9sYW1jb2xvbWJpYVwvd3AtY29udGVudFwvdXBsb2Fkc1wvMjAyMlwvMDZcL2luaWNpby0wMS5qcGciLCJzbGlkZXNob3ciOiJiNzc2NDNkIn0%3D\" href='https:\/\/biolamcolombia.com\/biolamcolombia\/wp-content\/uploads\/2022\/06\/inicio-01.jpg'><img loading=\"lazy\" decoding=\"async\" width=\"216\" height=\"222\" src=\"https:\/\/biolamcolombia.com\/biolamcolombia\/wp-content\/uploads\/2022\/06\/inicio-01.jpg\" class=\"attachment-full size-full\" alt=\"\" \/><\/a>\n\t\t\t<\/div><\/figure><figure class='gallery-item'>\n\t\t\t<div class='gallery-icon landscape'>\n\t\t\t\t<a data-elementor-open-lightbox=\"yes\" data-elementor-lightbox-slideshow=\"b77643d\" data-elementor-lightbox-title=\"inicio-02\" e-action-hash=\"#elementor-action%3Aaction%3Dlightbox%26settings%3DeyJpZCI6NTgxLCJ1cmwiOiJodHRwczpcL1wvYmlvbGFtY29sb21iaWEuY29tXC9iaW9sYW1jb2xvbWJpYVwvd3AtY29udGVudFwvdXBsb2Fkc1wvMjAyMlwvMDZcL2luaWNpby0wMi5qcGciLCJzbGlkZXNob3ciOiJiNzc2NDNkIn0%3D\" href='https:\/\/biolamcolombia.com\/biolamcolombia\/wp-content\/uploads\/2022\/06\/inicio-02.jpg'><img loading=\"lazy\" decoding=\"async\" width=\"343\" height=\"241\" src=\"https:\/\/biolamcolombia.com\/biolamcolombia\/wp-content\/uploads\/2022\/06\/inicio-02.jpg\" class=\"attachment-full size-full\" alt=\"\" srcset=\"https:\/\/biolamcolombia.com\/biolamcolombia\/wp-content\/uploads\/2022\/06\/inicio-02.jpg 343w, https:\/\/biolamcolombia.com\/biolamcolombia\/wp-content\/uploads\/2022\/06\/inicio-02-300x211.jpg 300w\" sizes=\"auto, (max-width: 343px) 100vw, 343px\" \/><\/a>\n\t\t\t<\/div><\/figure><figure class='gallery-item'>\n\t\t\t<div class='gallery-icon landscape'>\n\t\t\t\t<a data-elementor-open-lightbox=\"yes\" data-elementor-lightbox-slideshow=\"b77643d\" data-elementor-lightbox-title=\"inicio-03\" e-action-hash=\"#elementor-action%3Aaction%3Dlightbox%26settings%3DeyJpZCI6NTgyLCJ1cmwiOiJodHRwczpcL1wvYmlvbGFtY29sb21iaWEuY29tXC9iaW9sYW1jb2xvbWJpYVwvd3AtY29udGVudFwvdXBsb2Fkc1wvMjAyMlwvMDZcL2luaWNpby0wMy5qcGciLCJzbGlkZXNob3ciOiJiNzc2NDNkIn0%3D\" href='https:\/\/biolamcolombia.com\/biolamcolombia\/wp-content\/uploads\/2022\/06\/inicio-03.jpg'><img loading=\"lazy\" decoding=\"async\" width=\"270\" height=\"203\" src=\"https:\/\/biolamcolombia.com\/biolamcolombia\/wp-content\/uploads\/2022\/06\/inicio-03.jpg\" class=\"attachment-full size-full\" alt=\"\" \/><\/a>\n\t\t\t<\/div><\/figure><figure class='gallery-item'>\n\t\t\t<div class='gallery-icon landscape'>\n\t\t\t\t<a data-elementor-open-lightbox=\"yes\" data-elementor-lightbox-slideshow=\"b77643d\" data-elementor-lightbox-title=\"inicio-04\" e-action-hash=\"#elementor-action%3Aaction%3Dlightbox%26settings%3DeyJpZCI6NTgzLCJ1cmwiOiJodHRwczpcL1wvYmlvbGFtY29sb21iaWEuY29tXC9iaW9sYW1jb2xvbWJpYVwvd3AtY29udGVudFwvdXBsb2Fkc1wvMjAyMlwvMDZcL2luaWNpby0wNC5qcGciLCJzbGlkZXNob3ciOiJiNzc2NDNkIn0%3D\" href='https:\/\/biolamcolombia.com\/biolamcolombia\/wp-content\/uploads\/2022\/06\/inicio-04.jpg'><img loading=\"lazy\" decoding=\"async\" width=\"266\" height=\"202\" src=\"https:\/\/biolamcolombia.com\/biolamcolombia\/wp-content\/uploads\/2022\/06\/inicio-04.jpg\" class=\"attachment-full size-full\" alt=\"\" \/><\/a>\n\t\t\t<\/div><\/figure><figure class='gallery-item'>\n\t\t\t<div class='gallery-icon landscape'>\n\t\t\t\t<a data-elementor-open-lightbox=\"yes\" data-elementor-lightbox-slideshow=\"b77643d\" data-elementor-lightbox-title=\"inicio-05\" e-action-hash=\"#elementor-action%3Aaction%3Dlightbox%26settings%3DeyJpZCI6NTg0LCJ1cmwiOiJodHRwczpcL1wvYmlvbGFtY29sb21iaWEuY29tXC9iaW9sYW1jb2xvbWJpYVwvd3AtY29udGVudFwvdXBsb2Fkc1wvMjAyMlwvMDZcL2luaWNpby0wNS5qcGciLCJzbGlkZXNob3ciOiJiNzc2NDNkIn0%3D\" href='https:\/\/biolamcolombia.com\/biolamcolombia\/wp-content\/uploads\/2022\/06\/inicio-05.jpg'><img loading=\"lazy\" decoding=\"async\" width=\"351\" height=\"254\" src=\"https:\/\/biolamcolombia.com\/biolamcolombia\/wp-content\/uploads\/2022\/06\/inicio-05.jpg\" class=\"attachment-full size-full\" alt=\"\" srcset=\"https:\/\/biolamcolombia.com\/biolamcolombia\/wp-content\/uploads\/2022\/06\/inicio-05.jpg 351w, https:\/\/biolamcolombia.com\/biolamcolombia\/wp-content\/uploads\/2022\/06\/inicio-05-300x217.jpg 300w\" sizes=\"auto, (max-width: 351px) 100vw, 351px\" \/><\/a>\n\t\t\t<\/div><\/figure><figure class='gallery-item'>\n\t\t\t<div class='gallery-icon portrait'>\n\t\t\t\t<a data-elementor-open-lightbox=\"yes\" data-elementor-lightbox-slideshow=\"b77643d\" data-elementor-lightbox-title=\"inicio-06\" e-action-hash=\"#elementor-action%3Aaction%3Dlightbox%26settings%3DeyJpZCI6NTg1LCJ1cmwiOiJodHRwczpcL1wvYmlvbGFtY29sb21iaWEuY29tXC9iaW9sYW1jb2xvbWJpYVwvd3AtY29udGVudFwvdXBsb2Fkc1wvMjAyMlwvMDZcL2luaWNpby0wNi5qcGciLCJzbGlkZXNob3ciOiJiNzc2NDNkIn0%3D\" href='https:\/\/biolamcolombia.com\/biolamcolombia\/wp-content\/uploads\/2022\/06\/inicio-06.jpg'><img loading=\"lazy\" decoding=\"async\" width=\"248\" height=\"308\" src=\"https:\/\/biolamcolombia.com\/biolamcolombia\/wp-content\/uploads\/2022\/06\/inicio-06.jpg\" class=\"attachment-full size-full\" alt=\"\" srcset=\"https:\/\/biolamcolombia.com\/biolamcolombia\/wp-content\/uploads\/2022\/06\/inicio-06.jpg 248w, https:\/\/biolamcolombia.com\/biolamcolombia\/wp-content\/uploads\/2022\/06\/inicio-06-242x300.jpg 242w\" sizes=\"auto, (max-width: 248px) 100vw, 248px\" \/><\/a>\n\t\t\t<\/div><\/figure>\n\t\t<\/div>\n\t\t<\/div>\n\t\t\t\t<\/div>\n\t\t\t\t<\/div>\n\t\t\t\t\t\t<\/div>\n\t\t\t\t\t<\/div>\n\t\t<\/div>\n\t\t\t\t\t\t\t\t<\/div>\n\t\t\t\t\t<\/div>\n\t\t<\/section>\n\t\t\t\t<section class=\"elementor-section elementor-top-section elementor-element elementor-element-1d5c8d99 elementor-section-content-middle elementor-section-full_width elementor-section-height-min-height elementor-section-height-default elementor-section-items-middle\" data-id=\"1d5c8d99\" data-element_type=\"section\" data-settings=\"{&quot;_ha_eqh_enable&quot;:false}\">\n\t\t\t\t\t\t<div class=\"elementor-container elementor-column-gap-no\">\n\t\t\t\t\t\t\t<div class=\"elementor-row\">\n\t\t\t\t\t\t\t\t\t<\/div>\n\t\t\t\t\t<\/div>\n\t\t<\/section>\n\t\t\t\t\t\t\t\t\t<\/div>\n\t\t\t<\/div>\n\t\t\t\t\t<\/div>\n\t\t","protected":false},"excerpt":{"rendered":"<p>PRESENTACI\u00d3N BIOLAM COLOMBIA S.A.S.\u00a0es una empresa especializada en el dise\u00f1o, proyecto y construcci\u00f3n de plantas de tratamiento de aguas residuales domesticas e industriales , separaci\u00f3n de hidrocarburos , sedimentaci\u00f3n primaria y secundaria Somos productores y comercializadores de equipos para el tratamiento de aguas residuales y tratamiento de aire como soporte pl\u00e1stico para biomasa adherida en &hellip;<\/p>\n<p class=\"read-more\"> <a class=\"\" href=\"https:\/\/biolamcolombia.com\/biolamcolombia\/\"> <span class=\"screen-reader-text\">Inicio<\/span> Leer m\u00e1s &raquo;<\/a><\/p>\n","protected":false},"author":1,"featured_media":0,"parent":0,"menu_order":0,"comment_status":"closed","ping_status":"closed","template":"","meta":{"footnotes":""},"class_list":["post-12","page","type-page","status-publish","hentry"],"_links":{"self":[{"href":"https:\/\/biolamcolombia.com\/biolamcolombia\/wp-json\/wp\/v2\/pages\/12","targetHints":{"allow":["GET"]}}],"collection":[{"href":"https:\/\/biolamcolombia.com\/biolamcolombia\/wp-json\/wp\/v2\/pages"}],"about":[{"href":"https:\/\/biolamcolombia.com\/biolamcolombia\/wp-json\/wp\/v2\/types\/page"}],"author":[{"embeddable":true,"href":"https:\/\/biolamcolombia.com\/biolamcolombia\/wp-json\/wp\/v2\/users\/1"}],"replies":[{"embeddable":true,"href":"https:\/\/biolamcolombia.com\/biolamcolombia\/wp-json\/wp\/v2\/comments?post=12"}],"version-history":[{"count":170,"href":"https:\/\/biolamcolombia.com\/biolamcolombia\/wp-json\/wp\/v2\/pages\/12\/revisions"}],"predecessor-version":[{"id":885,"href":"https:\/\/biolamcolombia.com\/biolamcolombia\/wp-json\/wp\/v2\/pages\/12\/revisions\/885"}],"wp:attachment":[{"href":"https:\/\/biolamcolombia.com\/biolamcolombia\/wp-json\/wp\/v2\/media?parent=12"}],"curies":[{"name":"wp","href":"https:\/\/api.w.org\/{rel}","templated":true}]}}